{"id":2721,"date":"2025-06-11T12:48:10","date_gmt":"2025-06-11T10:48:10","guid":{"rendered":"https:\/\/teamtools.es\/?page_id=2721"},"modified":"2025-09-16T19:56:16","modified_gmt":"2025-09-16T17:56:16","slug":"clientes","status":"publish","type":"page","link":"https:\/\/teamtools.es\/en\/clientes\/","title":{"rendered":"Customers"},"content":{"rendered":"","protected":false},"excerpt":{"rendered":"","protected":false},"author":1,"featured_media":0,"parent":0,"menu_order":0,"comment_status":"closed","ping_status":"closed","template":"","meta":{"footnotes":""},"class_list":["post-2721","page","type-page","status-publish","hentry"],"yoast_head":"<!-- This site is optimized with the Yoast SEO plugin v25.9 - https:\/\/yoast.com\/wordpress\/plugins\/seo\/ -->\n<title>Clientes - Team Tools<\/title>\n<meta name=\"description\" content=\"Conoce los proyectos de Team Tools para marcas como Herm\u00e8s, Samsung y El Pa\u00eds. Descubre c\u00f3mo creamos soluciones \u00fanicas.\" \/>\n<meta name=\"robots\" content=\"index, follow, max-snippet:-1, max-image-preview:large, max-video-preview:-1\" \/>\n<link rel=\"canonical\" href=\"https:\/\/teamtools.es\/en\/clientes\/\" \/>\n<meta property=\"og:locale\" content=\"en_GB\" \/>\n<meta property=\"og:type\" content=\"article\" \/>\n<meta property=\"og:title\" content=\"Clientes - Team Tools\" \/>\n<meta property=\"og:description\" content=\"Conoce los proyectos de Team Tools para marcas como Herm\u00e8s, Samsung y El Pa\u00eds. Descubre c\u00f3mo creamos soluciones \u00fanicas.\" \/>\n<meta property=\"og:url\" content=\"https:\/\/teamtools.es\/en\/clientes\/\" \/>\n<meta property=\"og:site_name\" content=\"Team Tools\" \/>\n<meta property=\"article:modified_time\" content=\"2025-09-16T17:56:16+00:00\" \/>\n<meta name=\"twitter:card\" content=\"summary_large_image\" \/>\n<meta name=\"twitter:label1\" content=\"Estimated reading time\" \/>\n\t<meta name=\"twitter:data1\" content=\"7 minutes\" \/>\n<script type=\"application\/ld+json\" class=\"yoast-schema-graph\">{\"@context\":\"https:\/\/schema.org\",\"@graph\":[{\"@type\":\"WebPage\",\"@id\":\"https:\/\/teamtools.es\/clientes\/\",\"url\":\"https:\/\/teamtools.es\/clientes\/\",\"name\":\"Clientes - Team Tools\",\"isPartOf\":{\"@id\":\"https:\/\/teamtools.es\/#website\"},\"datePublished\":\"2025-06-11T10:48:10+00:00\",\"dateModified\":\"2025-09-16T17:56:16+00:00\",\"description\":\"Conoce los proyectos de Team Tools para marcas como Herm\u00e8s, Samsung y El Pa\u00eds. Descubre c\u00f3mo creamos soluciones \u00fanicas.\",\"breadcrumb\":{\"@id\":\"https:\/\/teamtools.es\/clientes\/#breadcrumb\"},\"inLanguage\":\"en-GB\",\"potentialAction\":[{\"@type\":\"ReadAction\",\"target\":[\"https:\/\/teamtools.es\/clientes\/\"]}]},{\"@type\":\"BreadcrumbList\",\"@id\":\"https:\/\/teamtools.es\/clientes\/#breadcrumb\",\"itemListElement\":[{\"@type\":\"ListItem\",\"position\":1,\"name\":\"Portada\",\"item\":\"https:\/\/teamtools.es\/\"},{\"@type\":\"ListItem\",\"position\":2,\"name\":\"Clientes\"}]},{\"@type\":\"WebSite\",\"@id\":\"https:\/\/teamtools.es\/#website\",\"url\":\"https:\/\/teamtools.es\/\",\"name\":\"Team Tools\",\"description\":\"Dise\u00f1o, fabricaci\u00f3n y montaje de mobiliario comercial\",\"potentialAction\":[{\"@type\":\"SearchAction\",\"target\":{\"@type\":\"EntryPoint\",\"urlTemplate\":\"https:\/\/teamtools.es\/?s={search_term_string}\"},\"query-input\":{\"@type\":\"PropertyValueSpecification\",\"valueRequired\":true,\"valueName\":\"search_term_string\"}}],\"inLanguage\":\"en-GB\"}]}<\/script>\n<!-- \/ Yoast SEO plugin. -->","yoast_head_json":{"title":"Clientes - Team Tools","description":"Conoce los proyectos de Team Tools para marcas como Herm\u00e8s, Samsung y El Pa\u00eds. Descubre c\u00f3mo creamos soluciones \u00fanicas.","robots":{"index":"index","follow":"follow","max-snippet":"max-snippet:-1","max-image-preview":"max-image-preview:large","max-video-preview":"max-video-preview:-1"},"canonical":"https:\/\/teamtools.es\/en\/clientes\/","og_locale":"en_GB","og_type":"article","og_title":"Clientes - Team Tools","og_description":"Conoce los proyectos de Team Tools para marcas como Herm\u00e8s, Samsung y El Pa\u00eds. Descubre c\u00f3mo creamos soluciones \u00fanicas.","og_url":"https:\/\/teamtools.es\/en\/clientes\/","og_site_name":"Team Tools","article_modified_time":"2025-09-16T17:56:16+00:00","twitter_card":"summary_large_image","twitter_misc":{"Estimated reading time":"7 minutes"},"schema":{"@context":"https:\/\/schema.org","@graph":[{"@type":"WebPage","@id":"https:\/\/teamtools.es\/clientes\/","url":"https:\/\/teamtools.es\/clientes\/","name":"Clientes - Team Tools","isPartOf":{"@id":"https:\/\/teamtools.es\/#website"},"datePublished":"2025-06-11T10:48:10+00:00","dateModified":"2025-09-16T17:56:16+00:00","description":"Conoce los proyectos de Team Tools para marcas como Herm\u00e8s, Samsung y El Pa\u00eds. Descubre c\u00f3mo creamos soluciones \u00fanicas.","breadcrumb":{"@id":"https:\/\/teamtools.es\/clientes\/#breadcrumb"},"inLanguage":"en-GB","potentialAction":[{"@type":"ReadAction","target":["https:\/\/teamtools.es\/clientes\/"]}]},{"@type":"BreadcrumbList","@id":"https:\/\/teamtools.es\/clientes\/#breadcrumb","itemListElement":[{"@type":"ListItem","position":1,"name":"Portada","item":"https:\/\/teamtools.es\/"},{"@type":"ListItem","position":2,"name":"Clientes"}]},{"@type":"WebSite","@id":"https:\/\/teamtools.es\/#website","url":"https:\/\/teamtools.es\/","name":"Team Tools","description":"Dise\u00f1o, fabricaci\u00f3n y montaje de mobiliario comercial","potentialAction":[{"@type":"SearchAction","target":{"@type":"EntryPoint","urlTemplate":"https:\/\/teamtools.es\/?s={search_term_string}"},"query-input":{"@type":"PropertyValueSpecification","valueRequired":true,"valueName":"search_term_string"}}],"inLanguage":"en-GB"}]}},"_links":{"self":[{"href":"https:\/\/teamtools.es\/en\/wp-json\/wp\/v2\/pages\/2721","targetHints":{"allow":["GET"]}}],"collection":[{"href":"https:\/\/teamtools.es\/en\/wp-json\/wp\/v2\/pages"}],"about":[{"href":"https:\/\/teamtools.es\/en\/wp-json\/wp\/v2\/types\/page"}],"author":[{"embeddable":true,"href":"https:\/\/teamtools.es\/en\/wp-json\/wp\/v2\/users\/1"}],"replies":[{"embeddable":true,"href":"https:\/\/teamtools.es\/en\/wp-json\/wp\/v2\/comments?post=2721"}],"version-history":[{"count":80,"href":"https:\/\/teamtools.es\/en\/wp-json\/wp\/v2\/pages\/2721\/revisions"}],"predecessor-version":[{"id":4159,"href":"https:\/\/teamtools.es\/en\/wp-json\/wp\/v2\/pages\/2721\/revisions\/4159"}],"wp:attachment":[{"href":"https:\/\/teamtools.es\/en\/wp-json\/wp\/v2\/media?parent=2721"}],"curies":[{"name":"wp","href":"https:\/\/api.w.org\/{rel}","templated":true}]}}