{"id":2637,"date":"2025-06-10T17:08:54","date_gmt":"2025-06-10T15:08:54","guid":{"rendered":"https:\/\/teamtools.es\/?page_id=2637"},"modified":"2026-03-11T11:57:51","modified_gmt":"2026-03-11T10:57:51","slug":"sobre-nosotros","status":"publish","type":"page","link":"https:\/\/teamtools.es\/en\/sobre-nosotros\/","title":{"rendered":"About Us"},"content":{"rendered":"","protected":false},"excerpt":{"rendered":"","protected":false},"author":1,"featured_media":0,"parent":0,"menu_order":0,"comment_status":"closed","ping_status":"closed","template":"","meta":{"footnotes":""},"class_list":["post-2637","page","type-page","status-publish","hentry"],"yoast_head":"<!-- This site is optimized with the Yoast SEO plugin v25.9 - https:\/\/yoast.com\/wordpress\/plugins\/seo\/ -->\n<title>Sobre Nosotros - Team Tools<\/title>\n<meta name=\"description\" content=\"Team Tools: m\u00e1s de 20 a\u00f1os dise\u00f1ando y fabricando mobiliario comercial. Conoce nuestra historia, valores y compromiso con la calidad.\" \/>\n<meta name=\"robots\" content=\"index, follow, max-snippet:-1, max-image-preview:large, max-video-preview:-1\" \/>\n<link rel=\"canonical\" href=\"https:\/\/teamtools.es\/en\/sobre-nosotros\/\" \/>\n<meta property=\"og:locale\" content=\"en_GB\" \/>\n<meta property=\"og:type\" content=\"article\" \/>\n<meta property=\"og:title\" content=\"Sobre Nosotros - Team Tools\" \/>\n<meta property=\"og:description\" content=\"Team Tools: m\u00e1s de 20 a\u00f1os dise\u00f1ando y fabricando mobiliario comercial. Conoce nuestra historia, valores y compromiso con la calidad.\" \/>\n<meta property=\"og:url\" content=\"https:\/\/teamtools.es\/en\/sobre-nosotros\/\" \/>\n<meta property=\"og:site_name\" content=\"Team Tools\" \/>\n<meta property=\"article:modified_time\" content=\"2026-03-11T10:57:51+00:00\" \/>\n<meta name=\"twitter:card\" content=\"summary_large_image\" \/>\n<meta name=\"twitter:label1\" content=\"Estimated reading time\" \/>\n\t<meta name=\"twitter:data1\" content=\"2 minutes\" \/>\n<script type=\"application\/ld+json\" class=\"yoast-schema-graph\">{\"@context\":\"https:\/\/schema.org\",\"@graph\":[{\"@type\":\"WebPage\",\"@id\":\"https:\/\/teamtools.es\/sobre-nosotros\/\",\"url\":\"https:\/\/teamtools.es\/sobre-nosotros\/\",\"name\":\"Sobre Nosotros - Team Tools\",\"isPartOf\":{\"@id\":\"https:\/\/teamtools.es\/#website\"},\"datePublished\":\"2025-06-10T15:08:54+00:00\",\"dateModified\":\"2026-03-11T10:57:51+00:00\",\"description\":\"Team Tools: m\u00e1s de 20 a\u00f1os dise\u00f1ando y fabricando mobiliario comercial. Conoce nuestra historia, valores y compromiso con la calidad.\",\"breadcrumb\":{\"@id\":\"https:\/\/teamtools.es\/sobre-nosotros\/#breadcrumb\"},\"inLanguage\":\"en-GB\",\"potentialAction\":[{\"@type\":\"ReadAction\",\"target\":[\"https:\/\/teamtools.es\/sobre-nosotros\/\"]}]},{\"@type\":\"BreadcrumbList\",\"@id\":\"https:\/\/teamtools.es\/sobre-nosotros\/#breadcrumb\",\"itemListElement\":[{\"@type\":\"ListItem\",\"position\":1,\"name\":\"Portada\",\"item\":\"https:\/\/teamtools.es\/\"},{\"@type\":\"ListItem\",\"position\":2,\"name\":\"Sobre Nosotros\"}]},{\"@type\":\"WebSite\",\"@id\":\"https:\/\/teamtools.es\/#website\",\"url\":\"https:\/\/teamtools.es\/\",\"name\":\"Team Tools\",\"description\":\"Dise\u00f1o, fabricaci\u00f3n y montaje de mobiliario comercial\",\"potentialAction\":[{\"@type\":\"SearchAction\",\"target\":{\"@type\":\"EntryPoint\",\"urlTemplate\":\"https:\/\/teamtools.es\/?s={search_term_string}\"},\"query-input\":{\"@type\":\"PropertyValueSpecification\",\"valueRequired\":true,\"valueName\":\"search_term_string\"}}],\"inLanguage\":\"en-GB\"}]}<\/script>\n<!-- \/ Yoast SEO plugin. -->","yoast_head_json":{"title":"Sobre Nosotros - Team Tools","description":"Team Tools: m\u00e1s de 20 a\u00f1os dise\u00f1ando y fabricando mobiliario comercial. Conoce nuestra historia, valores y compromiso con la calidad.","robots":{"index":"index","follow":"follow","max-snippet":"max-snippet:-1","max-image-preview":"max-image-preview:large","max-video-preview":"max-video-preview:-1"},"canonical":"https:\/\/teamtools.es\/en\/sobre-nosotros\/","og_locale":"en_GB","og_type":"article","og_title":"Sobre Nosotros - Team Tools","og_description":"Team Tools: m\u00e1s de 20 a\u00f1os dise\u00f1ando y fabricando mobiliario comercial. Conoce nuestra historia, valores y compromiso con la calidad.","og_url":"https:\/\/teamtools.es\/en\/sobre-nosotros\/","og_site_name":"Team Tools","article_modified_time":"2026-03-11T10:57:51+00:00","twitter_card":"summary_large_image","twitter_misc":{"Estimated reading time":"2 minutes"},"schema":{"@context":"https:\/\/schema.org","@graph":[{"@type":"WebPage","@id":"https:\/\/teamtools.es\/sobre-nosotros\/","url":"https:\/\/teamtools.es\/sobre-nosotros\/","name":"Sobre Nosotros - Team Tools","isPartOf":{"@id":"https:\/\/teamtools.es\/#website"},"datePublished":"2025-06-10T15:08:54+00:00","dateModified":"2026-03-11T10:57:51+00:00","description":"Team Tools: m\u00e1s de 20 a\u00f1os dise\u00f1ando y fabricando mobiliario comercial. Conoce nuestra historia, valores y compromiso con la calidad.","breadcrumb":{"@id":"https:\/\/teamtools.es\/sobre-nosotros\/#breadcrumb"},"inLanguage":"en-GB","potentialAction":[{"@type":"ReadAction","target":["https:\/\/teamtools.es\/sobre-nosotros\/"]}]},{"@type":"BreadcrumbList","@id":"https:\/\/teamtools.es\/sobre-nosotros\/#breadcrumb","itemListElement":[{"@type":"ListItem","position":1,"name":"Portada","item":"https:\/\/teamtools.es\/"},{"@type":"ListItem","position":2,"name":"Sobre Nosotros"}]},{"@type":"WebSite","@id":"https:\/\/teamtools.es\/#website","url":"https:\/\/teamtools.es\/","name":"Team Tools","description":"Dise\u00f1o, fabricaci\u00f3n y montaje de mobiliario comercial","potentialAction":[{"@type":"SearchAction","target":{"@type":"EntryPoint","urlTemplate":"https:\/\/teamtools.es\/?s={search_term_string}"},"query-input":{"@type":"PropertyValueSpecification","valueRequired":true,"valueName":"search_term_string"}}],"inLanguage":"en-GB"}]}},"_links":{"self":[{"href":"https:\/\/teamtools.es\/en\/wp-json\/wp\/v2\/pages\/2637","targetHints":{"allow":["GET"]}}],"collection":[{"href":"https:\/\/teamtools.es\/en\/wp-json\/wp\/v2\/pages"}],"about":[{"href":"https:\/\/teamtools.es\/en\/wp-json\/wp\/v2\/types\/page"}],"author":[{"embeddable":true,"href":"https:\/\/teamtools.es\/en\/wp-json\/wp\/v2\/users\/1"}],"replies":[{"embeddable":true,"href":"https:\/\/teamtools.es\/en\/wp-json\/wp\/v2\/comments?post=2637"}],"version-history":[{"count":82,"href":"https:\/\/teamtools.es\/en\/wp-json\/wp\/v2\/pages\/2637\/revisions"}],"predecessor-version":[{"id":4255,"href":"https:\/\/teamtools.es\/en\/wp-json\/wp\/v2\/pages\/2637\/revisions\/4255"}],"wp:attachment":[{"href":"https:\/\/teamtools.es\/en\/wp-json\/wp\/v2\/media?parent=2637"}],"curies":[{"name":"wp","href":"https:\/\/api.w.org\/{rel}","templated":true}]}}