{"id":2551,"date":"2025-06-10T12:11:13","date_gmt":"2025-06-10T10:11:13","guid":{"rendered":"https:\/\/teamtools.es\/?page_id=2551"},"modified":"2026-03-11T11:54:54","modified_gmt":"2026-03-11T10:54:54","slug":"inicio","status":"publish","type":"page","link":"https:\/\/teamtools.es\/en\/","title":{"rendered":"Home"},"content":{"rendered":"","protected":false},"excerpt":{"rendered":"","protected":false},"author":1,"featured_media":0,"parent":0,"menu_order":0,"comment_status":"closed","ping_status":"closed","template":"","meta":{"footnotes":""},"class_list":["post-2551","page","type-page","status-publish","hentry"],"yoast_head":"<!-- This site is optimized with the Yoast SEO plugin v25.9 - https:\/\/yoast.com\/wordpress\/plugins\/seo\/ -->\n<title>Inicio - Team Tools<\/title>\n<meta name=\"description\" content=\"Team Tools: expertos en mobiliario comercial, dise\u00f1o de stands y espacios de trabajo. M\u00e1s de 20 a\u00f1os creando proyectos \u00fanicos.\" \/>\n<meta name=\"robots\" content=\"index, follow, max-snippet:-1, max-image-preview:large, max-video-preview:-1\" \/>\n<link rel=\"canonical\" href=\"https:\/\/teamtools.es\/en\/\" \/>\n<meta property=\"og:locale\" content=\"en_GB\" \/>\n<meta property=\"og:type\" content=\"article\" \/>\n<meta property=\"og:title\" content=\"Inicio - Team Tools\" \/>\n<meta property=\"og:description\" content=\"Team Tools: expertos en mobiliario comercial, dise\u00f1o de stands y espacios de trabajo. M\u00e1s de 20 a\u00f1os creando proyectos \u00fanicos.\" \/>\n<meta property=\"og:url\" content=\"https:\/\/teamtools.es\/en\/\" \/>\n<meta property=\"og:site_name\" content=\"Team Tools\" \/>\n<meta property=\"article:modified_time\" content=\"2026-03-11T10:54:54+00:00\" \/>\n<meta name=\"twitter:card\" content=\"summary_large_image\" \/>\n<meta name=\"twitter:label1\" content=\"Estimated reading time\" \/>\n\t<meta name=\"twitter:data1\" content=\"3 minutes\" \/>\n<script type=\"application\/ld+json\" class=\"yoast-schema-graph\">{\"@context\":\"https:\/\/schema.org\",\"@graph\":[{\"@type\":\"WebPage\",\"@id\":\"https:\/\/teamtools.es\/\",\"url\":\"https:\/\/teamtools.es\/\",\"name\":\"Inicio - Team Tools\",\"isPartOf\":{\"@id\":\"https:\/\/teamtools.es\/#website\"},\"datePublished\":\"2025-06-10T10:11:13+00:00\",\"dateModified\":\"2026-03-11T10:54:54+00:00\",\"description\":\"Team Tools: expertos en mobiliario comercial, dise\u00f1o de stands y espacios de trabajo. M\u00e1s de 20 a\u00f1os creando proyectos \u00fanicos.\",\"breadcrumb\":{\"@id\":\"https:\/\/teamtools.es\/#breadcrumb\"},\"inLanguage\":\"en-GB\",\"potentialAction\":[{\"@type\":\"ReadAction\",\"target\":[\"https:\/\/teamtools.es\/\"]}]},{\"@type\":\"BreadcrumbList\",\"@id\":\"https:\/\/teamtools.es\/#breadcrumb\",\"itemListElement\":[{\"@type\":\"ListItem\",\"position\":1,\"name\":\"Portada\",\"item\":\"https:\/\/teamtools.es\/\"},{\"@type\":\"ListItem\",\"position\":2,\"name\":\"Inicio\"}]},{\"@type\":\"WebSite\",\"@id\":\"https:\/\/teamtools.es\/#website\",\"url\":\"https:\/\/teamtools.es\/\",\"name\":\"Team Tools\",\"description\":\"Dise\u00f1o, fabricaci\u00f3n y montaje de mobiliario comercial\",\"potentialAction\":[{\"@type\":\"SearchAction\",\"target\":{\"@type\":\"EntryPoint\",\"urlTemplate\":\"https:\/\/teamtools.es\/?s={search_term_string}\"},\"query-input\":{\"@type\":\"PropertyValueSpecification\",\"valueRequired\":true,\"valueName\":\"search_term_string\"}}],\"inLanguage\":\"en-GB\"}]}<\/script>\n<!-- \/ Yoast SEO plugin. -->","yoast_head_json":{"title":"Inicio - Team Tools","description":"Team Tools: expertos en mobiliario comercial, dise\u00f1o de stands y espacios de trabajo. M\u00e1s de 20 a\u00f1os creando proyectos \u00fanicos.","robots":{"index":"index","follow":"follow","max-snippet":"max-snippet:-1","max-image-preview":"max-image-preview:large","max-video-preview":"max-video-preview:-1"},"canonical":"https:\/\/teamtools.es\/en\/","og_locale":"en_GB","og_type":"article","og_title":"Inicio - Team Tools","og_description":"Team Tools: expertos en mobiliario comercial, dise\u00f1o de stands y espacios de trabajo. M\u00e1s de 20 a\u00f1os creando proyectos \u00fanicos.","og_url":"https:\/\/teamtools.es\/en\/","og_site_name":"Team Tools","article_modified_time":"2026-03-11T10:54:54+00:00","twitter_card":"summary_large_image","twitter_misc":{"Estimated reading time":"3 minutes"},"schema":{"@context":"https:\/\/schema.org","@graph":[{"@type":"WebPage","@id":"https:\/\/teamtools.es\/","url":"https:\/\/teamtools.es\/","name":"Inicio - Team Tools","isPartOf":{"@id":"https:\/\/teamtools.es\/#website"},"datePublished":"2025-06-10T10:11:13+00:00","dateModified":"2026-03-11T10:54:54+00:00","description":"Team Tools: expertos en mobiliario comercial, dise\u00f1o de stands y espacios de trabajo. M\u00e1s de 20 a\u00f1os creando proyectos \u00fanicos.","breadcrumb":{"@id":"https:\/\/teamtools.es\/#breadcrumb"},"inLanguage":"en-GB","potentialAction":[{"@type":"ReadAction","target":["https:\/\/teamtools.es\/"]}]},{"@type":"BreadcrumbList","@id":"https:\/\/teamtools.es\/#breadcrumb","itemListElement":[{"@type":"ListItem","position":1,"name":"Portada","item":"https:\/\/teamtools.es\/"},{"@type":"ListItem","position":2,"name":"Inicio"}]},{"@type":"WebSite","@id":"https:\/\/teamtools.es\/#website","url":"https:\/\/teamtools.es\/","name":"Team Tools","description":"Dise\u00f1o, fabricaci\u00f3n y montaje de mobiliario comercial","potentialAction":[{"@type":"SearchAction","target":{"@type":"EntryPoint","urlTemplate":"https:\/\/teamtools.es\/?s={search_term_string}"},"query-input":{"@type":"PropertyValueSpecification","valueRequired":true,"valueName":"search_term_string"}}],"inLanguage":"en-GB"}]}},"_links":{"self":[{"href":"https:\/\/teamtools.es\/en\/wp-json\/wp\/v2\/pages\/2551","targetHints":{"allow":["GET"]}}],"collection":[{"href":"https:\/\/teamtools.es\/en\/wp-json\/wp\/v2\/pages"}],"about":[{"href":"https:\/\/teamtools.es\/en\/wp-json\/wp\/v2\/types\/page"}],"author":[{"embeddable":true,"href":"https:\/\/teamtools.es\/en\/wp-json\/wp\/v2\/users\/1"}],"replies":[{"embeddable":true,"href":"https:\/\/teamtools.es\/en\/wp-json\/wp\/v2\/comments?post=2551"}],"version-history":[{"count":99,"href":"https:\/\/teamtools.es\/en\/wp-json\/wp\/v2\/pages\/2551\/revisions"}],"predecessor-version":[{"id":4271,"href":"https:\/\/teamtools.es\/en\/wp-json\/wp\/v2\/pages\/2551\/revisions\/4271"}],"wp:attachment":[{"href":"https:\/\/teamtools.es\/en\/wp-json\/wp\/v2\/media?parent=2551"}],"curies":[{"name":"wp","href":"https:\/\/api.w.org\/{rel}","templated":true}]}}